{"id":1300,"date":"2024-05-30T16:25:54","date_gmt":"2024-05-30T14:25:54","guid":{"rendered":"https:\/\/inondations.be\/acquastop-to-suit-your-needs\/systemes-anti-inondation-pour-les-lieux-publics\/"},"modified":"2026-02-03T16:00:21","modified_gmt":"2026-02-03T15:00:21","slug":"flood-protection-systems-for-public-areas","status":"publish","type":"page","link":"https:\/\/inondations.be\/en\/acquastop\/acquastop-to-suit-your-needs\/flood-protection-systems-for-public-areas\/","title":{"rendered":"For public areas"},"content":{"rendered":"\n<div class=\"wp-block-media-text has-media-on-the-right is-stacked-on-mobile\"><div class=\"wp-block-media-text__content\">\n<h2 class=\"wp-block-heading\">Acquastop\u00ae flood protection systems for public spaces<\/h2>\n\n\n\n<p>Acquastop\u00ae restraint systems are specifically designed to protect public spaces, including squares, parks, underpasses, paths, riparian zones and riverbanks.<\/p>\n\n\n\n<p>We have the ability to secure large areas prone to flooding by establishing extensive defense lines made up of interconnected devices, thanks to removable tensioning elements.  <\/p>\n\n\n\n<p>Acquastop flood barriers are quick and easy to install and accessible to all.<\/p>\n<\/div><figure class=\"wp-block-media-text__media\"><img loading=\"lazy\" decoding=\"async\" width=\"1024\" height=\"754\" src=\"https:\/\/inondations.be\/wp-content\/uploads\/2024\/05\/point-technique-systeme-protection-anti-inondations-acquastop-lieux-publics-1024x754.webp\" alt=\"\" class=\"wp-image-746 size-full\" srcset=\"https:\/\/inondations.be\/wp-content\/uploads\/2024\/05\/point-technique-systeme-protection-anti-inondations-acquastop-lieux-publics-1024x754.webp 1024w, https:\/\/inondations.be\/wp-content\/uploads\/2024\/05\/point-technique-systeme-protection-anti-inondations-acquastop-lieux-publics-300x221.webp 300w, https:\/\/inondations.be\/wp-content\/uploads\/2024\/05\/point-technique-systeme-protection-anti-inondations-acquastop-lieux-publics-768x565.webp 768w, https:\/\/inondations.be\/wp-content\/uploads\/2024\/05\/point-technique-systeme-protection-anti-inondations-acquastop-lieux-publics-1536x1130.webp 1536w, https:\/\/inondations.be\/wp-content\/uploads\/2024\/05\/point-technique-systeme-protection-anti-inondations-acquastop-lieux-publics.webp 1723w\" sizes=\"auto, (max-width: 1024px) 100vw, 1024px\" \/><\/figure><\/div>\n\n\n\n<h2 class=\"wp-block-heading\"><strong>Certified protection for urban infrastructures<\/strong><\/h2>\n\n\n\n<p>Securing public buildings and urban spaces requires solutions that are both robust and compliant with civil security standards.  <\/p>\n\n\n\n<p>Our Acquastop\u00ae devices are designed to comply with French Flood Risk Prevention Plans (PPRI).  <\/p>\n\n\n\n<p>Whether protecting schools, museums or public parking lots, our barriers offer certified resistance to hydrostatic pressure and debris impact.  <\/p>\n\n\n\n<p>Thanks to their modular design, municipal technical services can rapidly deploy a continuous line of defense several tens of meters long, protecting riverside areas and underpasses. All without the need for permanent installations that would distort the public space. <\/p>\n\n\n\n<div class=\"wp-block-group is-nowrap is-layout-flex wp-container-core-group-is-layout-6c531013 wp-block-group-is-layout-flex\">\n<div class=\"wp-block-group is-layout-constrained wp-block-group-is-layout-constrained\">\n<h3 class=\"wp-block-heading has-text-align-center\"><strong><mark style=\"background-color:rgba(0, 0, 0, 0)\" class=\"has-inline-color has-custom-aquastop-color\">Classic Range<\/mark><\/strong><\/h3>\n\n\n\n<figure class=\"wp-block-image size-full\" data-focalx=\"0.5\" data-focaly=\"0.4\"><img loading=\"lazy\" decoding=\"async\" width=\"538\" height=\"440\" src=\"https:\/\/inondations.be\/wp-content\/uploads\/2024\/05\/point-technique-systeme-anti-inondation-acquastop-classic-range-linea.webp\" alt=\"\" class=\"wp-image-887\" srcset=\"https:\/\/inondations.be\/wp-content\/uploads\/2024\/05\/point-technique-systeme-anti-inondation-acquastop-classic-range-linea.webp 538w, https:\/\/inondations.be\/wp-content\/uploads\/2024\/05\/point-technique-systeme-anti-inondation-acquastop-classic-range-linea-300x245.webp 300w\" sizes=\"auto, (max-width: 538px) 100vw, 538px\" \/><\/figure>\n\n\n\n<div class=\"wp-block-buttons is-content-justification-center is-layout-flex wp-container-core-buttons-is-layout-a89b3969 wp-block-buttons-is-layout-flex\">\n<div class=\"wp-block-button-wrapper\"><div class=\"wp-block-button\"><a class=\"wp-block-button__link has-text-align-center wp-element-button\" href=\"https:\/\/inondations.be\/en\/acquastop\/our-products-acquastop\/classic-range\/\">Read more<\/a><\/div><\/div>\n<\/div>\n<\/div>\n\n\n\n<div class=\"wp-block-group is-layout-constrained wp-block-group-is-layout-constrained\">\n<h3 class=\"wp-block-heading has-text-align-center\"><strong><mark style=\"background-color:rgba(0, 0, 0, 0)\" class=\"has-inline-color has-custom-aquastop-color\">Modular Range<\/mark><\/strong><\/h3>\n\n\n\n<figure class=\"wp-block-image size-full\" data-focalx=\"0.5\" data-focaly=\"0.4\"><img loading=\"lazy\" decoding=\"async\" width=\"538\" height=\"440\" src=\"https:\/\/inondations.be\/wp-content\/uploads\/2024\/05\/point-technique-systeme-anti-inondation-acquastop-modular-range-linea.webp\" alt=\"\" class=\"wp-image-884\" srcset=\"https:\/\/inondations.be\/wp-content\/uploads\/2024\/05\/point-technique-systeme-anti-inondation-acquastop-modular-range-linea.webp 538w, https:\/\/inondations.be\/wp-content\/uploads\/2024\/05\/point-technique-systeme-anti-inondation-acquastop-modular-range-linea-300x245.webp 300w\" sizes=\"auto, (max-width: 538px) 100vw, 538px\" \/><\/figure>\n\n\n\n<div class=\"wp-block-buttons is-content-justification-center is-layout-flex wp-container-core-buttons-is-layout-a89b3969 wp-block-buttons-is-layout-flex\">\n<div class=\"wp-block-button-wrapper\"><div class=\"wp-block-button\"><a class=\"wp-block-button__link has-text-align-center wp-element-button\" href=\"https:\/\/inondations.be\/en\/acquastop\/our-products-acquastop\/modular-modulight-range\/\">Read more<\/a><\/div><\/div>\n<\/div>\n<\/div>\n<\/div>\n\n\n\n<div class=\"wp-block-group alignfull is-style-blue-background is-layout-constrained wp-block-group-is-layout-constrained\">\n<div class=\"wp-block-media-text has-media-on-the-right is-stacked-on-mobile\" style=\"grid-template-columns:auto 45%\"><div class=\"wp-block-media-text__content\">\n<h2 class=\"wp-block-heading has-white-color has-text-color has-link-color wp-elements-f26d444e4c79f4808e3d921afed5d65a\">REQUEST A FREE QUOTE<\/h2>\n\n\n\n<p class=\"has-white-color has-text-color has-link-color has-medium-font-size wp-elements-7f78ee117b9ae1723ed87480bebfe4e9\">Looking for a customized solution for flood protection ? You&#8217;ve come to the right place ! Click on the button below to get your free quote. Our team will provide you with a fast and accurate quote, perfectly tailored to your needs. Protect what&#8217;s important to you with Point Technique.<\/p>\n\n\n\n<div class=\"wp-block-buttons is-layout-flex wp-block-buttons-is-layout-flex\">\n<div class=\"wp-block-button-wrapper\"><div class=\"wp-block-button\"><a class=\"wp-block-button__link wp-element-button\" href=\"https:\/\/inondations.be\/en\/request-a-quote\/\">Request a free quote<\/a><\/div><\/div>\n<\/div>\n<\/div><figure class=\"wp-block-media-text__media\"><img loading=\"lazy\" decoding=\"async\" width=\"1024\" height=\"683\" src=\"https:\/\/inondations.be\/wp-content\/uploads\/2024\/05\/inondations-point-technique-devis-gratuit-personnalise-watergate-acquastop-1024x683.webp\" alt=\"\" class=\"wp-image-663 size-full\" srcset=\"https:\/\/inondations.be\/wp-content\/uploads\/2024\/05\/inondations-point-technique-devis-gratuit-personnalise-watergate-acquastop-1024x683.webp 1024w, https:\/\/inondations.be\/wp-content\/uploads\/2024\/05\/inondations-point-technique-devis-gratuit-personnalise-watergate-acquastop-300x200.webp 300w, https:\/\/inondations.be\/wp-content\/uploads\/2024\/05\/inondations-point-technique-devis-gratuit-personnalise-watergate-acquastop-768x512.webp 768w, https:\/\/inondations.be\/wp-content\/uploads\/2024\/05\/inondations-point-technique-devis-gratuit-personnalise-watergate-acquastop.webp 1200w\" sizes=\"auto, (max-width: 1024px) 100vw, 1024px\" \/><\/figure><\/div>\n<\/div>\n\n\n\n<h2 class=\"wp-block-heading\">Pourquoi travailler avec nous ?<\/h2>\n\n\n\n<div class=\"wp-block-group group-button-align-bottom is-content-justification-space-between is-layout-flex wp-container-core-group-is-layout-d99825b0 wp-block-group-is-layout-flex\">\n<div class=\"wp-block-group why-work-with-us wp-container-content-9cfa9a5a is-layout-constrained wp-block-group-is-layout-constrained\" style=\"min-height:100%\">\n<figure class=\"wp-block-image size-full is-resized\" data-focalx=\"0.5\" data-focaly=\"0.4\"><img loading=\"lazy\" decoding=\"async\" width=\"512\" height=\"490\" src=\"https:\/\/inondations.be\/wp-content\/uploads\/2024\/05\/performance.webp\" alt=\"\" class=\"wp-image-923\" style=\"width:90px\" srcset=\"https:\/\/inondations.be\/wp-content\/uploads\/2024\/05\/performance.webp 512w, https:\/\/inondations.be\/wp-content\/uploads\/2024\/05\/performance-300x287.webp 300w\" sizes=\"auto, (max-width: 512px) 100vw, 512px\" \/><\/figure>\n\n\n\n<h3 class=\"wp-block-heading has-text-align-center has-white-color has-text-color has-link-color wp-elements-2769dd3e870e9daf5a37ee7727466d2a\"><strong>Exp\u00e9rience &amp; Performance<\/strong><\/h3>\n\n\n\n<p class=\"has-text-align-left has-small-font-size\">Avec plus de 300 r\u00e9alisations par an, Point Technique b\u00e9n\u00e9ficie d&#8217;une exp\u00e9rience solide. Nos syst\u00e8mes brevet\u00e9s anti-inondations, test\u00e9s en conditions r\u00e9elles, offrent une protection efficace.<\/p>\n<\/div>\n\n\n\n<div class=\"wp-block-group why-work-with-us wp-container-content-9cfa9a5a is-layout-constrained wp-block-group-is-layout-constrained\" style=\"min-height:100%\">\n<figure class=\"wp-block-image size-full is-resized\" data-focalx=\"0.5\" data-focaly=\"0.4\"><img loading=\"lazy\" decoding=\"async\" width=\"486\" height=\"512\" src=\"https:\/\/inondations.be\/wp-content\/uploads\/2024\/05\/transparency.webp\" alt=\"\" class=\"wp-image-926\" style=\"width:90px\" srcset=\"https:\/\/inondations.be\/wp-content\/uploads\/2024\/05\/transparency.webp 486w, https:\/\/inondations.be\/wp-content\/uploads\/2024\/05\/transparency-285x300.webp 285w\" sizes=\"auto, (max-width: 486px) 100vw, 486px\" \/><\/figure>\n\n\n\n<h3 class=\"wp-block-heading has-text-align-center has-white-color has-text-color has-link-color wp-elements-5de4aa951a20bc0fe9d8e33bc130d325\"><strong>Fiabilit\u00e9 &amp; Transparence<\/strong><\/h3>\n\n\n\n<p class=\"has-text-align-left has-small-font-size\">Nos produits anti-inondations, con\u00e7us selon des normes strictes, garantissent une utilisation fiable. Nous vous fournissons toutes les informations n\u00e9cessaires.<\/p>\n<\/div>\n\n\n\n<div class=\"wp-block-group why-work-with-us wp-container-content-9cfa9a5a is-layout-constrained wp-block-group-is-layout-constrained\" style=\"min-height:100%\">\n<figure class=\"wp-block-image size-full is-resized\" data-focalx=\"0.5\" data-focaly=\"0.4\"><img loading=\"lazy\" decoding=\"async\" width=\"512\" height=\"486\" src=\"https:\/\/inondations.be\/wp-content\/uploads\/2024\/05\/responsiveness.webp\" alt=\"\" class=\"wp-image-929\" style=\"width:90px\" srcset=\"https:\/\/inondations.be\/wp-content\/uploads\/2024\/05\/responsiveness.webp 512w, https:\/\/inondations.be\/wp-content\/uploads\/2024\/05\/responsiveness-300x285.webp 300w\" sizes=\"auto, (max-width: 512px) 100vw, 512px\" \/><\/figure>\n\n\n\n<h3 class=\"wp-block-heading has-text-align-center has-white-color has-text-color has-link-color wp-elements-a061e35bb709e98f10febe822c4734d5\"><strong>R\u00e9activit\u00e9 instantan\u00e9e<\/strong><\/h3>\n\n\n\n<p class=\"has-text-align-left has-small-font-size\">Nous sommes r\u00e9actifs aux appels et messages, r\u00e9pondant g\u00e9n\u00e9ralement sous 24h. Cela nous permet de vous apporter une solution rapide et d\u2019assurer votre satisfaction.<br><\/p>\n<\/div>\n\n\n\n<div class=\"wp-block-group why-work-with-us wp-container-content-9cfa9a5a is-layout-constrained wp-block-group-is-layout-constrained\" style=\"min-height:100%\">\n<figure class=\"wp-block-image size-full is-resized\" data-focalx=\"0.5\" data-focaly=\"0.4\"><img loading=\"lazy\" decoding=\"async\" width=\"486\" height=\"512\" src=\"https:\/\/inondations.be\/wp-content\/uploads\/2024\/05\/expert.webp\" alt=\"\" class=\"wp-image-932\" style=\"width:90px\" srcset=\"https:\/\/inondations.be\/wp-content\/uploads\/2024\/05\/expert.webp 486w, https:\/\/inondations.be\/wp-content\/uploads\/2024\/05\/expert-285x300.webp 285w\" sizes=\"auto, (max-width: 486px) 100vw, 486px\" \/><\/figure>\n\n\n\n<h3 class=\"wp-block-heading has-text-align-center has-white-color has-text-color has-link-color wp-elements-7be8e41277258cbe9452e392ae7b0390\"><strong>Innovation &amp; expertise<\/strong><\/h3>\n\n\n\n<p class=\"has-text-align-left has-small-font-size\">Gr\u00e2ce \u00e0 notre retour d\u2019exp\u00e9rience sur chantier, nous amenons de fa\u00e7on constante des nouveaut\u00e9s, des am\u00e9liorations. Nous intervenons partout en Belgique, au Luxembourg, aux Pays-bas, et dans le bord de la France.<br><\/p>\n<\/div>\n<\/div>\n","protected":false},"excerpt":{"rendered":"<p>Acquastop\u00ae flood protection systems for public spaces Acquastop\u00ae restraint systems are specifically designed to protect public spaces, including squares, parks, underpasses, paths, riparian zones and riverbanks. We have the ability to secure large areas prone to flooding by establishing extensive defense lines made up of interconnected devices, thanks to removable tensioning elements. Acquastop flood barriers [&hellip;]<\/p>\n","protected":false},"author":1,"featured_media":0,"parent":1276,"menu_order":0,"comment_status":"closed","ping_status":"closed","template":"page-red","meta":{"footnotes":""},"class_list":["post-1300","page","type-page","status-publish","hentry"],"yoast_head":"<!-- This site is optimized with the Yoast SEO plugin v27.0 - https:\/\/yoast.com\/product\/yoast-seo-wordpress\/ -->\n<title>Flood protection for public areas | Acquastop<\/title>\n<meta name=\"description\" content=\"Discover Acquastop\u00ae anti-flooding systems for securing public places: squares, parks, underpasses and gates...\" \/>\n<meta name=\"robots\" content=\"index, follow, max-snippet:-1, max-image-preview:large, max-video-preview:-1\" \/>\n<link rel=\"canonical\" href=\"https:\/\/inondations.be\/en\/acquastop\/acquastop-to-suit-your-needs\/flood-protection-systems-for-public-areas\/\" \/>\n<meta property=\"og:locale\" content=\"en_US\" \/>\n<meta property=\"og:type\" content=\"article\" \/>\n<meta property=\"og:title\" content=\"Flood protection for public areas | Acquastop\" \/>\n<meta property=\"og:description\" content=\"Discover Acquastop\u00ae anti-flooding systems for securing public places: squares, parks, underpasses and gates...\" \/>\n<meta property=\"og:url\" content=\"https:\/\/inondations.be\/en\/acquastop\/acquastop-to-suit-your-needs\/flood-protection-systems-for-public-areas\/\" \/>\n<meta property=\"og:site_name\" content=\"Point Technique\" \/>\n<meta property=\"article:publisher\" content=\"https:\/\/www.facebook.com\/pointtechniquebelux\" \/>\n<meta property=\"article:modified_time\" content=\"2026-02-03T15:00:21+00:00\" \/>\n<meta property=\"og:image\" content=\"https:\/\/inondations.be\/wp-content\/uploads\/2024\/05\/point-technique-systeme-protection-anti-inondations-acquastop-lieux-publics-1024x754.webp\" \/>\n\t<meta property=\"og:image:width\" content=\"1024\" \/>\n\t<meta property=\"og:image:height\" content=\"754\" \/>\n\t<meta property=\"og:image:type\" content=\"image\/webp\" \/>\n<meta name=\"twitter:card\" content=\"summary_large_image\" \/>\n<meta name=\"twitter:label1\" content=\"Est. reading time\" \/>\n\t<meta name=\"twitter:data1\" content=\"6 minutes\" \/>\n<script type=\"application\/ld+json\" class=\"yoast-schema-graph\">{\"@context\":\"https:\/\/schema.org\",\"@graph\":[{\"@type\":\"WebPage\",\"@id\":\"https:\/\/inondations.be\/en\/acquastop\/acquastop-to-suit-your-needs\/flood-protection-systems-for-public-areas\/\",\"url\":\"https:\/\/inondations.be\/en\/acquastop\/acquastop-to-suit-your-needs\/flood-protection-systems-for-public-areas\/\",\"name\":\"Flood protection for public areas | Acquastop\",\"isPartOf\":{\"@id\":\"https:\/\/inondations.be\/#website\"},\"primaryImageOfPage\":{\"@id\":\"https:\/\/inondations.be\/en\/acquastop\/acquastop-to-suit-your-needs\/flood-protection-systems-for-public-areas\/#primaryimage\"},\"image\":{\"@id\":\"https:\/\/inondations.be\/en\/acquastop\/acquastop-to-suit-your-needs\/flood-protection-systems-for-public-areas\/#primaryimage\"},\"thumbnailUrl\":\"https:\/\/inondations.be\/wp-content\/uploads\/2024\/05\/point-technique-systeme-protection-anti-inondations-acquastop-lieux-publics-1024x754.webp\",\"datePublished\":\"2024-05-30T14:25:54+00:00\",\"dateModified\":\"2026-02-03T15:00:21+00:00\",\"description\":\"Discover Acquastop\u00ae anti-flooding systems for securing public places: squares, parks, underpasses and gates...\",\"breadcrumb\":{\"@id\":\"https:\/\/inondations.be\/en\/acquastop\/acquastop-to-suit-your-needs\/flood-protection-systems-for-public-areas\/#breadcrumb\"},\"inLanguage\":\"en-US\",\"potentialAction\":[{\"@type\":\"ReadAction\",\"target\":[\"https:\/\/inondations.be\/en\/acquastop\/acquastop-to-suit-your-needs\/flood-protection-systems-for-public-areas\/\"]}]},{\"@type\":\"ImageObject\",\"inLanguage\":\"en-US\",\"@id\":\"https:\/\/inondations.be\/en\/acquastop\/acquastop-to-suit-your-needs\/flood-protection-systems-for-public-areas\/#primaryimage\",\"url\":\"https:\/\/inondations.be\/wp-content\/uploads\/2024\/05\/point-technique-systeme-protection-anti-inondations-acquastop-lieux-publics-1024x754.webp\",\"contentUrl\":\"https:\/\/inondations.be\/wp-content\/uploads\/2024\/05\/point-technique-systeme-protection-anti-inondations-acquastop-lieux-publics-1024x754.webp\"},{\"@type\":\"BreadcrumbList\",\"@id\":\"https:\/\/inondations.be\/en\/acquastop\/acquastop-to-suit-your-needs\/flood-protection-systems-for-public-areas\/#breadcrumb\",\"itemListElement\":[{\"@type\":\"ListItem\",\"position\":1,\"name\":\"Accueil\",\"item\":\"https:\/\/inondations.be\/en\/\"},{\"@type\":\"ListItem\",\"position\":2,\"name\":\"Aquastop: The removable flood barrier\",\"item\":\"https:\/\/inondations.be\/en\/acquastop\/\"},{\"@type\":\"ListItem\",\"position\":3,\"name\":\"Acquastop for your needs\",\"item\":\"https:\/\/inondations.be\/en\/acquastop\/acquastop-to-suit-your-needs\/\"},{\"@type\":\"ListItem\",\"position\":4,\"name\":\"For public areas\"}]},{\"@type\":\"WebSite\",\"@id\":\"https:\/\/inondations.be\/#website\",\"url\":\"https:\/\/inondations.be\/\",\"name\":\"Inondations\",\"description\":\"Protections anti-inondation\",\"publisher\":{\"@id\":\"https:\/\/inondations.be\/#organization\"},\"potentialAction\":[{\"@type\":\"SearchAction\",\"target\":{\"@type\":\"EntryPoint\",\"urlTemplate\":\"https:\/\/inondations.be\/?s={search_term_string}\"},\"query-input\":{\"@type\":\"PropertyValueSpecification\",\"valueRequired\":true,\"valueName\":\"search_term_string\"}}],\"inLanguage\":\"en-US\"},{\"@type\":\"Organization\",\"@id\":\"https:\/\/inondations.be\/#organization\",\"name\":\"Inondations\",\"url\":\"https:\/\/inondations.be\/\",\"logo\":{\"@type\":\"ImageObject\",\"inLanguage\":\"en-US\",\"@id\":\"https:\/\/inondations.be\/#\/schema\/logo\/image\/\",\"url\":\"https:\/\/inondations.be\/wp-content\/uploads\/2026\/01\/cropped-logo-point-technique.jpg\",\"contentUrl\":\"https:\/\/inondations.be\/wp-content\/uploads\/2026\/01\/cropped-logo-point-technique.jpg\",\"width\":512,\"height\":512,\"caption\":\"Inondations\"},\"image\":{\"@id\":\"https:\/\/inondations.be\/#\/schema\/logo\/image\/\"},\"sameAs\":[\"https:\/\/www.facebook.com\/pointtechniquebelux\"]}]}<\/script>\n<!-- \/ Yoast SEO plugin. -->","yoast_head_json":{"title":"Flood protection for public areas | Acquastop","description":"Discover Acquastop\u00ae anti-flooding systems for securing public places: squares, parks, underpasses and gates...","robots":{"index":"index","follow":"follow","max-snippet":"max-snippet:-1","max-image-preview":"max-image-preview:large","max-video-preview":"max-video-preview:-1"},"canonical":"https:\/\/inondations.be\/en\/acquastop\/acquastop-to-suit-your-needs\/flood-protection-systems-for-public-areas\/","og_locale":"en_US","og_type":"article","og_title":"Flood protection for public areas | Acquastop","og_description":"Discover Acquastop\u00ae anti-flooding systems for securing public places: squares, parks, underpasses and gates...","og_url":"https:\/\/inondations.be\/en\/acquastop\/acquastop-to-suit-your-needs\/flood-protection-systems-for-public-areas\/","og_site_name":"Point Technique","article_publisher":"https:\/\/www.facebook.com\/pointtechniquebelux","article_modified_time":"2026-02-03T15:00:21+00:00","og_image":[{"width":1024,"height":754,"url":"https:\/\/inondations.be\/wp-content\/uploads\/2024\/05\/point-technique-systeme-protection-anti-inondations-acquastop-lieux-publics-1024x754.webp","type":"image\/webp"}],"twitter_card":"summary_large_image","twitter_misc":{"Est. reading time":"6 minutes"},"schema":{"@context":"https:\/\/schema.org","@graph":[{"@type":"WebPage","@id":"https:\/\/inondations.be\/en\/acquastop\/acquastop-to-suit-your-needs\/flood-protection-systems-for-public-areas\/","url":"https:\/\/inondations.be\/en\/acquastop\/acquastop-to-suit-your-needs\/flood-protection-systems-for-public-areas\/","name":"Flood protection for public areas | Acquastop","isPartOf":{"@id":"https:\/\/inondations.be\/#website"},"primaryImageOfPage":{"@id":"https:\/\/inondations.be\/en\/acquastop\/acquastop-to-suit-your-needs\/flood-protection-systems-for-public-areas\/#primaryimage"},"image":{"@id":"https:\/\/inondations.be\/en\/acquastop\/acquastop-to-suit-your-needs\/flood-protection-systems-for-public-areas\/#primaryimage"},"thumbnailUrl":"https:\/\/inondations.be\/wp-content\/uploads\/2024\/05\/point-technique-systeme-protection-anti-inondations-acquastop-lieux-publics-1024x754.webp","datePublished":"2024-05-30T14:25:54+00:00","dateModified":"2026-02-03T15:00:21+00:00","description":"Discover Acquastop\u00ae anti-flooding systems for securing public places: squares, parks, underpasses and gates...","breadcrumb":{"@id":"https:\/\/inondations.be\/en\/acquastop\/acquastop-to-suit-your-needs\/flood-protection-systems-for-public-areas\/#breadcrumb"},"inLanguage":"en-US","potentialAction":[{"@type":"ReadAction","target":["https:\/\/inondations.be\/en\/acquastop\/acquastop-to-suit-your-needs\/flood-protection-systems-for-public-areas\/"]}]},{"@type":"ImageObject","inLanguage":"en-US","@id":"https:\/\/inondations.be\/en\/acquastop\/acquastop-to-suit-your-needs\/flood-protection-systems-for-public-areas\/#primaryimage","url":"https:\/\/inondations.be\/wp-content\/uploads\/2024\/05\/point-technique-systeme-protection-anti-inondations-acquastop-lieux-publics-1024x754.webp","contentUrl":"https:\/\/inondations.be\/wp-content\/uploads\/2024\/05\/point-technique-systeme-protection-anti-inondations-acquastop-lieux-publics-1024x754.webp"},{"@type":"BreadcrumbList","@id":"https:\/\/inondations.be\/en\/acquastop\/acquastop-to-suit-your-needs\/flood-protection-systems-for-public-areas\/#breadcrumb","itemListElement":[{"@type":"ListItem","position":1,"name":"Accueil","item":"https:\/\/inondations.be\/en\/"},{"@type":"ListItem","position":2,"name":"Aquastop: The removable flood barrier","item":"https:\/\/inondations.be\/en\/acquastop\/"},{"@type":"ListItem","position":3,"name":"Acquastop for your needs","item":"https:\/\/inondations.be\/en\/acquastop\/acquastop-to-suit-your-needs\/"},{"@type":"ListItem","position":4,"name":"For public areas"}]},{"@type":"WebSite","@id":"https:\/\/inondations.be\/#website","url":"https:\/\/inondations.be\/","name":"Inondations","description":"Protections anti-inondation","publisher":{"@id":"https:\/\/inondations.be\/#organization"},"potentialAction":[{"@type":"SearchAction","target":{"@type":"EntryPoint","urlTemplate":"https:\/\/inondations.be\/?s={search_term_string}"},"query-input":{"@type":"PropertyValueSpecification","valueRequired":true,"valueName":"search_term_string"}}],"inLanguage":"en-US"},{"@type":"Organization","@id":"https:\/\/inondations.be\/#organization","name":"Inondations","url":"https:\/\/inondations.be\/","logo":{"@type":"ImageObject","inLanguage":"en-US","@id":"https:\/\/inondations.be\/#\/schema\/logo\/image\/","url":"https:\/\/inondations.be\/wp-content\/uploads\/2026\/01\/cropped-logo-point-technique.jpg","contentUrl":"https:\/\/inondations.be\/wp-content\/uploads\/2026\/01\/cropped-logo-point-technique.jpg","width":512,"height":512,"caption":"Inondations"},"image":{"@id":"https:\/\/inondations.be\/#\/schema\/logo\/image\/"},"sameAs":["https:\/\/www.facebook.com\/pointtechniquebelux"]}]}},"_links":{"self":[{"href":"https:\/\/inondations.be\/en\/wp-json\/wp\/v2\/pages\/1300","targetHints":{"allow":["GET"]}}],"collection":[{"href":"https:\/\/inondations.be\/en\/wp-json\/wp\/v2\/pages"}],"about":[{"href":"https:\/\/inondations.be\/en\/wp-json\/wp\/v2\/types\/page"}],"author":[{"embeddable":true,"href":"https:\/\/inondations.be\/en\/wp-json\/wp\/v2\/users\/1"}],"replies":[{"embeddable":true,"href":"https:\/\/inondations.be\/en\/wp-json\/wp\/v2\/comments?post=1300"}],"version-history":[{"count":13,"href":"https:\/\/inondations.be\/en\/wp-json\/wp\/v2\/pages\/1300\/revisions"}],"predecessor-version":[{"id":4030,"href":"https:\/\/inondations.be\/en\/wp-json\/wp\/v2\/pages\/1300\/revisions\/4030"}],"up":[{"embeddable":true,"href":"https:\/\/inondations.be\/en\/wp-json\/wp\/v2\/pages\/1276"}],"wp:attachment":[{"href":"https:\/\/inondations.be\/en\/wp-json\/wp\/v2\/media?parent=1300"}],"curies":[{"name":"wp","href":"https:\/\/api.w.org\/{rel}","templated":true}]}}